{"id":4706,"date":"2023-03-21T15:15:05","date_gmt":"2023-03-21T15:15:05","guid":{"rendered":"https:\/\/carbolt.nl\/?post_type=product&#038;p=4706"},"modified":"2026-02-20T15:34:01","modified_gmt":"2026-02-20T15:34:01","slug":"carbolt-100-anhangerkupplungsschloss","status":"publish","type":"product","link":"https:\/\/carbolt.nl\/de\/product\/carbolt\/carbolt-100-trekhaakslot\/","title":{"rendered":"Carbolt 100 Anh\u00e4ngerkupplungsschloss"},"content":{"rendered":"<p>Das Carbolt 100 ist ein sehr starkes Anh\u00e4ngerkupplungsschloss, das das ungewollte \u00d6ffnen der Heckt\u00fcren Ihres Nutzfahrzeugs verhindert.<br \/>\nDas Anh\u00e4ngerkupplungsschloss wird einfach auf die Anh\u00e4ngerkupplung Ihres Fahrzeugs gesteckt, so dass sich die Heckt\u00fcren oder die Heckklappe nicht mehr \u00f6ffnen lassen. Eine starke und zuverl\u00e4ssige Einbruchssicherung f\u00fcr Ihr Nutzfahrzeug.<\/p>\n<p><strong>Montage an der Anh\u00e4ngerkupplung<\/strong><\/p>\n<p>Der Carbolt 100 wird mittels der mitgelieferten Klemmst\u00fccke auf dem Kugelkopf der Anh\u00e4ngerkupplung montiert und rastet in wenigen Sekunden ein. Das Schloss kann mit dem mitgelieferten Schl\u00fcssel entfernt werden.<\/p>\n<p><strong>Verschiedene Abmessungen<\/strong><\/p>\n<p>F\u00fcr Fahrzeuge, bei denen der Abstand zwischen Heckt\u00fcren und Anh\u00e4ngerkupplung relativ gro\u00df ist, ist ein Reduzierst\u00fcck erh\u00e4ltlich, das separat bestellt werden muss.<br \/>\nDie Standardtiefe des Carbolt 100 betr\u00e4gt 80 mm, gemessen von der Mitte der Kupplungskugel in Richtung der Hintert\u00fcren. Bei montiertem Reduzierst\u00fcck erh\u00f6ht sich die Tiefe auf insgesamt 140 MM.<\/p>\n<p><iframe loading=\"lazy\" title=\"Carbolt 100 Anh\u00e4ngerkupplungsschloss\" width=\"1290\" height=\"726\" src=\"https:\/\/www.youtube.com\/embed\/ZhqMlVB9r5c?feature=oembed\" frameborder=\"0\" allow=\"accelerometer; autoplay; clipboard-write; encrypted-media; gyroscope; picture-in-picture; web-share\" referrerpolicy=\"strict-origin-when-cross-origin\" allowfullscreen><\/iframe><\/p>\n<p>&nbsp;<\/p>\n<p>&nbsp;<\/p>\n<p>&nbsp;<\/p>","protected":false},"excerpt":{"rendered":"<p>Das Carbolt 100 ist ein sehr starkes Anh\u00e4ngerkupplungsschloss, das das ungewollte \u00d6ffnen der Heckt\u00fcren Ihres Nutzfahrzeugs verhindert.<\/p>","protected":false},"featured_media":5575,"comment_status":"open","ping_status":"closed","template":"","meta":[],"product_brand":[],"product_cat":[31],"product_tag":[],"class_list":{"0":"post-4706","1":"product","2":"type-product","3":"status-publish","4":"has-post-thumbnail","6":"product_cat-carbolt","8":"first","9":"instock","10":"taxable","11":"shipping-taxable","12":"purchasable","13":"product-type-variable"},"_links":{"self":[{"href":"https:\/\/carbolt.nl\/de\/wp-json\/wp\/v2\/product\/4706","targetHints":{"allow":["GET"]}}],"collection":[{"href":"https:\/\/carbolt.nl\/de\/wp-json\/wp\/v2\/product"}],"about":[{"href":"https:\/\/carbolt.nl\/de\/wp-json\/wp\/v2\/types\/product"}],"replies":[{"embeddable":true,"href":"https:\/\/carbolt.nl\/de\/wp-json\/wp\/v2\/comments?post=4706"}],"wp:featuredmedia":[{"embeddable":true,"href":"https:\/\/carbolt.nl\/de\/wp-json\/wp\/v2\/media\/5575"}],"wp:attachment":[{"href":"https:\/\/carbolt.nl\/de\/wp-json\/wp\/v2\/media?parent=4706"}],"wp:term":[{"taxonomy":"product_brand","embeddable":true,"href":"https:\/\/carbolt.nl\/de\/wp-json\/wp\/v2\/product_brand?post=4706"},{"taxonomy":"product_cat","embeddable":true,"href":"https:\/\/carbolt.nl\/de\/wp-json\/wp\/v2\/product_cat?post=4706"},{"taxonomy":"product_tag","embeddable":true,"href":"https:\/\/carbolt.nl\/de\/wp-json\/wp\/v2\/product_tag?post=4706"}],"curies":[{"name":"wp","href":"https:\/\/api.w.org\/{rel}","templated":true}]}}