{"id":4707,"date":"2023-03-21T15:32:46","date_gmt":"2023-03-21T15:32:46","guid":{"rendered":"https:\/\/carbolt.nl\/?post_type=product&#038;p=4707"},"modified":"2026-02-26T08:01:08","modified_gmt":"2026-02-26T08:01:08","slug":"carbolt-101-hecktur-und-anhangersicherung","status":"publish","type":"product","link":"https:\/\/carbolt.nl\/de\/product\/carbolt\/carbolt-101-achterdeur-en-aanhangerbeveiliging\/","title":{"rendered":"Carbolt 101 Heckt\u00fcr und Anh\u00e4ngerkupplungsschloss"},"content":{"rendered":"<p>Das Carbolt 101 ist eine Variante des Anh\u00e4ngerkupplungsschlosses zur Sicherung von Heckt\u00fcren und Anh\u00e4ngern von Nutzfahrzeugen.<br \/>\nDas einzigartige Design erm\u00f6glicht es, montiert zu bleiben, w\u00e4hrend der Anh\u00e4nger an die Anh\u00e4ngerkupplung angeschlossen ist.<\/p>\n<p><strong>Montage neben der Anh\u00e4ngerkupplung<\/strong><\/p>\n<p>Der Carbolt 101 wird mit der mitgelieferten Halterung neben der Anh\u00e4ngerkupplung montiert. Das Schloss l\u00e4sst sich wegklappen, so dass es sowohl im ge\u00f6ffneten als auch im geschlossenen Zustand am Fahrzeug montiert bleibt.<br \/>\nACHTUNG! Das Schloss l\u00e4sst sich nur nach rechts klappen, wenn das Fahrzeug mit einem Trittbrett ausgestattet ist, passt der Carbolt 101 nicht.<\/p>\n<p><strong>Flanschmontage oder Seitenmontage<\/strong><\/p>\n<p>Der Carbolt 101 wird inklusive Montagematerial f\u00fcr die gew\u00e4hlte Anh\u00e4ngerkupplungskugel geliefert: die Flanschmontage oder die Seitenmontage.<br \/>\nSehen Sie sich unten zwei Bilder an, wie Sie Ihre Anh\u00e4ngerkupplung erkennen k\u00f6nnen:<\/p>\n<p><strong>\u00a0 \u00a0 \u00a0 \u00a0 \u00a0 Flanschmontage:    Seitenmontage:<\/strong><\/p>\n<p><img loading=\"lazy\" decoding=\"async\" class=\"alignnone size-medium wp-image-5867\" src=\"https:\/\/carbolt.nl\/wp-content\/uploads\/2023\/03\/Zijaansluiting-Trekhaak-300x191.jpg\" alt=\"\" width=\"300\" height=\"191\" srcset=\"https:\/\/carbolt.nl\/wp-content\/uploads\/2023\/03\/Zijaansluiting-Trekhaak-300x191.jpg 300w, https:\/\/carbolt.nl\/wp-content\/uploads\/2023\/03\/Zijaansluiting-Trekhaak-18x12.jpg 18w, https:\/\/carbolt.nl\/wp-content\/uploads\/2023\/03\/Zijaansluiting-Trekhaak.jpg 407w\" sizes=\"auto, (max-width: 300px) 100vw, 300px\" \/><img loading=\"lazy\" decoding=\"async\" class=\"wp-image-5868 alignleft\" src=\"https:\/\/carbolt.nl\/wp-content\/uploads\/2023\/03\/Flens-Trekhaak-300x223.jpg\" alt=\"\" width=\"231\" height=\"172\" srcset=\"https:\/\/carbolt.nl\/wp-content\/uploads\/2023\/03\/Flens-Trekhaak-300x223.jpg 300w, https:\/\/carbolt.nl\/wp-content\/uploads\/2023\/03\/Flens-Trekhaak-16x12.jpg 16w, https:\/\/carbolt.nl\/wp-content\/uploads\/2023\/03\/Flens-Trekhaak.jpg 513w\" sizes=\"auto, (max-width: 231px) 100vw, 231px\" \/><\/p>\n<p>&nbsp;<\/p>\n<p>&nbsp;<\/p>\n<p>&nbsp;<\/p>\n<p><iframe loading=\"lazy\" title=\"Carbolt 101 \u2013 Sicherheit f\u00fcr Hintert\u00fcr und Anh\u00e4ngerkupplung\" width=\"1290\" height=\"726\" src=\"https:\/\/www.youtube.com\/embed\/KPUFSugkfSU?feature=oembed\" frameborder=\"0\" allow=\"accelerometer; autoplay; clipboard-write; encrypted-media; gyroscope; picture-in-picture; web-share\" referrerpolicy=\"strict-origin-when-cross-origin\" allowfullscreen><\/iframe><\/p>","protected":false},"excerpt":{"rendered":"<p>Das Carbolt 101 ist eine einzigartige Variante des Anh\u00e4ngerkupplungsschlosses zur Sicherung von Heckt\u00fcren und Anh\u00e4ngern von Nutzfahrzeugen.<\/p>","protected":false},"featured_media":5574,"comment_status":"open","ping_status":"closed","template":"","meta":[],"product_brand":[],"product_cat":[31],"product_tag":[],"class_list":{"0":"post-4707","1":"product","2":"type-product","3":"status-publish","4":"has-post-thumbnail","6":"product_cat-carbolt","8":"first","9":"instock","10":"taxable","11":"shipping-taxable","12":"purchasable","13":"product-type-variable"},"_links":{"self":[{"href":"https:\/\/carbolt.nl\/de\/wp-json\/wp\/v2\/product\/4707","targetHints":{"allow":["GET"]}}],"collection":[{"href":"https:\/\/carbolt.nl\/de\/wp-json\/wp\/v2\/product"}],"about":[{"href":"https:\/\/carbolt.nl\/de\/wp-json\/wp\/v2\/types\/product"}],"replies":[{"embeddable":true,"href":"https:\/\/carbolt.nl\/de\/wp-json\/wp\/v2\/comments?post=4707"}],"wp:featuredmedia":[{"embeddable":true,"href":"https:\/\/carbolt.nl\/de\/wp-json\/wp\/v2\/media\/5574"}],"wp:attachment":[{"href":"https:\/\/carbolt.nl\/de\/wp-json\/wp\/v2\/media?parent=4707"}],"wp:term":[{"taxonomy":"product_brand","embeddable":true,"href":"https:\/\/carbolt.nl\/de\/wp-json\/wp\/v2\/product_brand?post=4707"},{"taxonomy":"product_cat","embeddable":true,"href":"https:\/\/carbolt.nl\/de\/wp-json\/wp\/v2\/product_cat?post=4707"},{"taxonomy":"product_tag","embeddable":true,"href":"https:\/\/carbolt.nl\/de\/wp-json\/wp\/v2\/product_tag?post=4707"}],"curies":[{"name":"wp","href":"https:\/\/api.w.org\/{rel}","templated":true}]}}