{"id":4708,"date":"2023-03-21T15:42:14","date_gmt":"2023-03-21T15:42:14","guid":{"rendered":"https:\/\/carbolt.nl\/?post_type=product&#038;p=4708"},"modified":"2026-03-09T14:00:07","modified_gmt":"2026-03-09T14:00:07","slug":"carbolt-102-schiebetursicherung","status":"publish","type":"product","link":"https:\/\/carbolt.nl\/de\/product\/carbolt\/carbolt-102-schuifdeurbeveiliging\/","title":{"rendered":"Carbolt 102 Seitent\u00fcrsicherung"},"content":{"rendered":"<p>Die Schiebet\u00fcrsicherung Carbolt 102 bietet solide Sicherheit f\u00fcr Ihre Seitent\u00fcr, die vom Laderaum aus bedient werden kann.<br \/>\nDas System wird unsichtbar montiert und wird komplett mit Installationsanweisungen und Warnaufklebern f\u00fcr die Au\u00dfenseite Ihres Fahrzeugs geliefert.<\/p>","protected":false},"excerpt":{"rendered":"<p>Die Schiebet\u00fcrsicherung Carbolt 102 bietet solide Sicherheit f\u00fcr Ihre Seitent\u00fcr, die vom Laderaum aus bedient werden kann. Das System ist unsichtbar montiert und wird komplett mit Installationsanweisungen und Warnaufklebern f\u00fcr die Au\u00dfenseite Ihres Fahrzeugs geliefert.<\/p>","protected":false},"featured_media":4881,"comment_status":"open","ping_status":"closed","template":"","meta":[],"product_brand":[],"product_cat":[31],"product_tag":[],"class_list":{"0":"post-4708","1":"product","2":"type-product","3":"status-publish","4":"has-post-thumbnail","6":"product_cat-carbolt","8":"first","9":"instock","10":"taxable","11":"shipping-taxable","12":"purchasable","13":"product-type-variable","14":"has-default-attributes"},"_links":{"self":[{"href":"https:\/\/carbolt.nl\/de\/wp-json\/wp\/v2\/product\/4708","targetHints":{"allow":["GET"]}}],"collection":[{"href":"https:\/\/carbolt.nl\/de\/wp-json\/wp\/v2\/product"}],"about":[{"href":"https:\/\/carbolt.nl\/de\/wp-json\/wp\/v2\/types\/product"}],"replies":[{"embeddable":true,"href":"https:\/\/carbolt.nl\/de\/wp-json\/wp\/v2\/comments?post=4708"}],"wp:featuredmedia":[{"embeddable":true,"href":"https:\/\/carbolt.nl\/de\/wp-json\/wp\/v2\/media\/4881"}],"wp:attachment":[{"href":"https:\/\/carbolt.nl\/de\/wp-json\/wp\/v2\/media?parent=4708"}],"wp:term":[{"taxonomy":"product_brand","embeddable":true,"href":"https:\/\/carbolt.nl\/de\/wp-json\/wp\/v2\/product_brand?post=4708"},{"taxonomy":"product_cat","embeddable":true,"href":"https:\/\/carbolt.nl\/de\/wp-json\/wp\/v2\/product_cat?post=4708"},{"taxonomy":"product_tag","embeddable":true,"href":"https:\/\/carbolt.nl\/de\/wp-json\/wp\/v2\/product_tag?post=4708"}],"curies":[{"name":"wp","href":"https:\/\/api.w.org\/{rel}","templated":true}]}}