{"id":4711,"date":"2023-03-29T14:35:10","date_gmt":"2023-03-29T14:35:10","guid":{"rendered":"https:\/\/carbolt.nl\/?post_type=product&#038;p=4711"},"modified":"2026-03-09T11:16:50","modified_gmt":"2026-03-09T11:16:50","slug":"carbolt-103-mechanische-laderaumsicherung","status":"publish","type":"product","link":"https:\/\/carbolt.nl\/de\/product\/carbolt\/carbolt-103-mechanische-laadruimtebeveiliging\/","title":{"rendered":"Carbolt 103 Mechanische Laderaumsicherung"},"content":{"rendered":"<p>Der Carbolt 103 ist die am h\u00e4ufigsten gew\u00e4hlte und umfassendste mechanische L\u00f6sung f\u00fcr die Sicherheit des Laderaums. Alle T\u00fcren, die den Zugang zum Laderaum erm\u00f6glichen, werden \u00fcber eine zentrale Steuerung in der Fahrerkabine verriegelt.<\/p>\n<p>Mit Carbolt 103 ist Ihr gesamter Laderaum optimal gesichert. Die Sicherung wird komplett im Inneren des Fahrzeugs angebracht, je nach Fahrzeugh\u00f6he wird ein zweite Verriegelung an der Heckt\u00fcr montiert.<\/p>\n<p>Durch die Platzierung des Systems im Inneren des Fahrzeugs ist es nicht notwendig, L\u00f6cher in die Au\u00dfenseite Ihres Fahrzeugs zu bohren. Zu pr\u00e4ventiven Zwecken werden Warnaufkleber mitgeliefert, die an der Karosserie und den Fenstern angebracht werden k\u00f6nnen.<\/p>\n<p>Das System wird inklusive Einbau durch einen unserer geschulten H\u00e4ndler angeboten, die oben genannten Preise sind Richtpreise je nach konkreter Fahrzeugversion, bitte kontaktieren Sie uns unter <a href=\"https:\/\/carbolt.nl\/de\/fordern-sie-ein-angebot-an-103\/\">Angebot anfordern<\/a> f\u00fcr ein unverbindliches Angebot f\u00fcr Ihr Fahrzeug.<\/p>\n<p>&nbsp;<\/p>\n<p><iframe loading=\"lazy\" title=\"Carbolt 103 \u2013 Mechanischer Laderaumschutz f\u00fcr Ihr Nutzfahrzeug\" width=\"1290\" height=\"726\" src=\"https:\/\/www.youtube.com\/embed\/ZjsXzA5-cnQ?feature=oembed\" frameborder=\"0\" allow=\"accelerometer; autoplay; clipboard-write; encrypted-media; gyroscope; picture-in-picture; web-share\" referrerpolicy=\"strict-origin-when-cross-origin\" allowfullscreen><\/iframe><\/p>","protected":false},"excerpt":{"rendered":"<p>Der Carbolt 103 ist die am h\u00e4ufigsten gew\u00e4hlte und umfassendste mechanische L\u00f6sung f\u00fcr die Sicherheit des Laderaums.<\/p>\n<p>*Bei Fahrzeugen mit einer Heckt\u00fcrh\u00f6he von mindestens 1,80 m wird der Einbau eines Stiftschlosses empfohlen. Dazu geh\u00f6ren der Fiat Ducato, der Ford Transit, der Mercedes-Benz Sprinter und der Volkswagen Crafter.<\/p>","protected":false},"featured_media":4871,"comment_status":"open","ping_status":"closed","template":"","meta":[],"product_brand":[],"product_cat":[31],"product_tag":[],"class_list":{"0":"post-4711","1":"product","2":"type-product","3":"status-publish","4":"has-post-thumbnail","6":"product_cat-carbolt","8":"first","9":"instock","10":"taxable","11":"shipping-taxable","12":"purchasable","13":"product-type-variable"},"_links":{"self":[{"href":"https:\/\/carbolt.nl\/de\/wp-json\/wp\/v2\/product\/4711","targetHints":{"allow":["GET"]}}],"collection":[{"href":"https:\/\/carbolt.nl\/de\/wp-json\/wp\/v2\/product"}],"about":[{"href":"https:\/\/carbolt.nl\/de\/wp-json\/wp\/v2\/types\/product"}],"replies":[{"embeddable":true,"href":"https:\/\/carbolt.nl\/de\/wp-json\/wp\/v2\/comments?post=4711"}],"wp:featuredmedia":[{"embeddable":true,"href":"https:\/\/carbolt.nl\/de\/wp-json\/wp\/v2\/media\/4871"}],"wp:attachment":[{"href":"https:\/\/carbolt.nl\/de\/wp-json\/wp\/v2\/media?parent=4711"}],"wp:term":[{"taxonomy":"product_brand","embeddable":true,"href":"https:\/\/carbolt.nl\/de\/wp-json\/wp\/v2\/product_brand?post=4711"},{"taxonomy":"product_cat","embeddable":true,"href":"https:\/\/carbolt.nl\/de\/wp-json\/wp\/v2\/product_cat?post=4711"},{"taxonomy":"product_tag","embeddable":true,"href":"https:\/\/carbolt.nl\/de\/wp-json\/wp\/v2\/product_tag?post=4711"}],"curies":[{"name":"wp","href":"https:\/\/api.w.org\/{rel}","templated":true}]}}