{"id":5759,"date":"2023-07-28T09:13:37","date_gmt":"2023-07-28T09:13:37","guid":{"rendered":"https:\/\/carbolt.nl\/?post_type=product&#038;p=5759"},"modified":"2025-12-05T17:32:30","modified_gmt":"2025-12-05T17:32:30","slug":"carbolt-100-reduzierstuck-fur-anhangerkupplungsschloss","status":"publish","type":"product","link":"https:\/\/carbolt.nl\/de\/product\/carbolt\/carbolt-100-trekhaakslot-verkleinstuk\/","title":{"rendered":"Carbolt 100 Anh\u00e4ngerkupplungsschloss \u2013 Reduzierst\u00fcck und Anschlagleiste"},"content":{"rendered":"<p>F\u00fcr Fahrzeuge, bei denen der Abstand zwischen Heckt\u00fcren und Anh\u00e4ngerkupplung relativ gro\u00df ist, ist ein Reduzierst\u00fcck erh\u00e4ltlich.<\/p>\n<p>Die Standardtiefe des Carbolt 100 betr\u00e4gt 80 mm, gemessen von der Mitte der Kupplungskugel in Richtung der Hintert\u00fcren.<br \/>\nBei montiertem Reduzierst\u00fcck erh\u00f6ht sich die Tiefe auf insgesamt 140 MM.<\/p>\n<p>Die Gummipufferleiste sorgt daf\u00fcr, dass die T\u00fcr beim \u00d6ffnen der T\u00fcr nicht versehentlich besch\u00e4digt wird, wenn das Anh\u00e4ngerkupplungsschloss noch montiert ist.<\/p>\n<p>Bitte beachten Sie, dass das Reduzierst\u00fcck ohne das Carbolt 100 Anh\u00e4ngerkupplungsschloss geliefert wird. Dies muss separat bestellt werden.<\/p>\n<p><iframe loading=\"lazy\" title=\"Carbolt 100 Anh\u00e4ngerkupplungsschloss\" width=\"1290\" height=\"726\" src=\"https:\/\/www.youtube.com\/embed\/ZhqMlVB9r5c?feature=oembed\" frameborder=\"0\" allow=\"accelerometer; autoplay; clipboard-write; encrypted-media; gyroscope; picture-in-picture; web-share\" referrerpolicy=\"strict-origin-when-cross-origin\" allowfullscreen><\/iframe><\/p>\n<p>&nbsp;<\/p>\n<p>&nbsp;<\/p>","protected":false},"excerpt":{"rendered":"<p>Voor voertuigen waarbij de afstand tussen de achterdeuren en trekhaak relatief groot is, is er een verkleinstuk leverbaar. De standaard diepte van de Carbolt 100 is 80 MM, gemeten vanaf het hart van de trekhaak kogel richting de achterdeuren. Indien het verkleinstuk gemonteerd is, zal de diepte toenemen tot totaal 140 MM. Het rubberen stootstrip [&hellip;]<\/p>\n","protected":false},"featured_media":5757,"comment_status":"open","ping_status":"closed","template":"","meta":[],"product_brand":[],"product_cat":[31],"product_tag":[],"class_list":{"0":"post-5759","1":"product","2":"type-product","3":"status-publish","4":"has-post-thumbnail","6":"product_cat-carbolt","8":"first","9":"instock","10":"taxable","11":"shipping-taxable","12":"purchasable","13":"product-type-variable"},"_links":{"self":[{"href":"https:\/\/carbolt.nl\/de\/wp-json\/wp\/v2\/product\/5759","targetHints":{"allow":["GET"]}}],"collection":[{"href":"https:\/\/carbolt.nl\/de\/wp-json\/wp\/v2\/product"}],"about":[{"href":"https:\/\/carbolt.nl\/de\/wp-json\/wp\/v2\/types\/product"}],"replies":[{"embeddable":true,"href":"https:\/\/carbolt.nl\/de\/wp-json\/wp\/v2\/comments?post=5759"}],"wp:featuredmedia":[{"embeddable":true,"href":"https:\/\/carbolt.nl\/de\/wp-json\/wp\/v2\/media\/5757"}],"wp:attachment":[{"href":"https:\/\/carbolt.nl\/de\/wp-json\/wp\/v2\/media?parent=5759"}],"wp:term":[{"taxonomy":"product_brand","embeddable":true,"href":"https:\/\/carbolt.nl\/de\/wp-json\/wp\/v2\/product_brand?post=5759"},{"taxonomy":"product_cat","embeddable":true,"href":"https:\/\/carbolt.nl\/de\/wp-json\/wp\/v2\/product_cat?post=5759"},{"taxonomy":"product_tag","embeddable":true,"href":"https:\/\/carbolt.nl\/de\/wp-json\/wp\/v2\/product_tag?post=5759"}],"curies":[{"name":"wp","href":"https:\/\/api.w.org\/{rel}","templated":true}]}}