{"id":5765,"date":"2023-07-28T09:52:34","date_gmt":"2023-07-28T09:52:34","guid":{"rendered":"https:\/\/carbolt.nl\/?post_type=product&#038;p=5765"},"modified":"2026-02-26T08:01:56","modified_gmt":"2026-02-26T08:01:56","slug":"carbolt-104-elektronische-laderaumsicherung","status":"publish","type":"product","link":"https:\/\/carbolt.nl\/de\/product\/carbolt\/carbolt-104-electronisch-laadruimtebeveiliging\/","title":{"rendered":"Carbolt 104 Elektronische Laderaumsicherung"},"content":{"rendered":"<p>Der Carbolt 104 ist eine elektronische L\u00f6sung f\u00fcr die Sicherheit des Laderaums. Alle T\u00fcren, die den Zugang zum Laderaum erm\u00f6glichen, werden \u00fcber eine zentrale Steuerung in der Kabine verriegelt. Die Zugangskontrolle erfolgt \u00fcber ein elektromagnetisches Feld, wobei ein \u201eTropfen\u201c vor die zentrale Steuerung gehalten wird.<\/p>\n<p>Mit Carbolt 104 ist Ihr gesamter Laderaum optimal gesichert. Die Sicherung ist komplett im Inneren des Fahrzeugs angebracht, je nach H\u00f6he des Fahrzeugs ist ein zus\u00e4tzliches Stiftschloss an der Heckt\u00fcr angebracht.<\/p>\n<p>Da das System im Inneren des Fahrzeugs platziert wird, ist es nicht notwendig, L\u00f6cher an der Au\u00dfenseite Ihres Autos zu bohren. Zur Vorbeugung liegen Warnaufkleber bei, die an Karosserie und Scheiben angebracht werden k\u00f6nnen.<\/p>\n<p>Der Carbolt 104 kann um eine Steuerungsm\u00f6glichkeit an den R\u00fccklichtern und die automatische Verriegelung der Schl\u00f6sser beim Schlie\u00dfen der T\u00fcren erweitert werden.<\/p>\n<p>Alle unsere elektronischen Laderaumsicherungsprodukte werden inklusive Installation in unserer Niederlassung in Varsseveld angeboten, die Preise sind auf Anfrage \u00fcber erh\u00e4ltlich<a href=\"https:\/\/carbolt.nl\/de\/fordern-sie-ein-angebot-an-104\/\">\u00a0Angebotsseite.<\/a><\/p>","protected":false},"excerpt":{"rendered":"<p>Der Carbolt 104 ist eine elektronische L\u00f6sung f\u00fcr die Sicherheit des Laderaums.<\/p>","protected":false},"featured_media":5778,"comment_status":"open","ping_status":"closed","template":"","meta":[],"product_brand":[],"product_cat":[31],"product_tag":[],"class_list":{"0":"post-5765","1":"product","2":"type-product","3":"status-publish","4":"has-post-thumbnail","6":"product_cat-carbolt","8":"first","9":"instock","10":"taxable","11":"shipping-taxable","12":"purchasable","13":"product-type-simple"},"_links":{"self":[{"href":"https:\/\/carbolt.nl\/de\/wp-json\/wp\/v2\/product\/5765","targetHints":{"allow":["GET"]}}],"collection":[{"href":"https:\/\/carbolt.nl\/de\/wp-json\/wp\/v2\/product"}],"about":[{"href":"https:\/\/carbolt.nl\/de\/wp-json\/wp\/v2\/types\/product"}],"replies":[{"embeddable":true,"href":"https:\/\/carbolt.nl\/de\/wp-json\/wp\/v2\/comments?post=5765"}],"wp:featuredmedia":[{"embeddable":true,"href":"https:\/\/carbolt.nl\/de\/wp-json\/wp\/v2\/media\/5778"}],"wp:attachment":[{"href":"https:\/\/carbolt.nl\/de\/wp-json\/wp\/v2\/media?parent=5765"}],"wp:term":[{"taxonomy":"product_brand","embeddable":true,"href":"https:\/\/carbolt.nl\/de\/wp-json\/wp\/v2\/product_brand?post=5765"},{"taxonomy":"product_cat","embeddable":true,"href":"https:\/\/carbolt.nl\/de\/wp-json\/wp\/v2\/product_cat?post=5765"},{"taxonomy":"product_tag","embeddable":true,"href":"https:\/\/carbolt.nl\/de\/wp-json\/wp\/v2\/product_tag?post=5765"}],"curies":[{"name":"wp","href":"https:\/\/api.w.org\/{rel}","templated":true}]}}