{"id":6171,"date":"2024-05-30T10:09:32","date_gmt":"2024-05-30T10:09:32","guid":{"rendered":"https:\/\/carbolt.nl\/?post_type=product&#038;p=6171"},"modified":"2024-05-30T10:32:51","modified_gmt":"2024-05-30T10:32:51","slug":"carbolt-100-klemmhalterung-anhangerkupplungsschloss","status":"publish","type":"product","link":"https:\/\/carbolt.nl\/de\/product\/carbolt\/carbolt-100-klembeugel-trekhaakslot\/","title":{"rendered":"Carbolt 100 \u2013 Klemmhalterung f\u00fcr Anh\u00e4ngerkupplungsschloss"},"content":{"rendered":"<p>Carbolt 100 Anh\u00e4ngerkupplungsschloss Klemmhalterung zur Montage an der Anh\u00e4ngerkupplung, inklusive Montagematerial.<\/p>","protected":false},"excerpt":{"rendered":"<p>Carbolt 100 Anh\u00e4ngerkupplungsschloss Klemmhalterung<\/p>","protected":false},"featured_media":6172,"comment_status":"closed","ping_status":"closed","template":"","meta":[],"product_brand":[],"product_cat":[31],"product_tag":[],"class_list":{"0":"post-6171","1":"product","2":"type-product","3":"status-publish","4":"has-post-thumbnail","6":"product_cat-carbolt","7":"product_shipping_class-brievenbus","9":"first","10":"instock","11":"taxable","12":"shipping-taxable","13":"purchasable","14":"product-type-simple"},"_links":{"self":[{"href":"https:\/\/carbolt.nl\/de\/wp-json\/wp\/v2\/product\/6171","targetHints":{"allow":["GET"]}}],"collection":[{"href":"https:\/\/carbolt.nl\/de\/wp-json\/wp\/v2\/product"}],"about":[{"href":"https:\/\/carbolt.nl\/de\/wp-json\/wp\/v2\/types\/product"}],"replies":[{"embeddable":true,"href":"https:\/\/carbolt.nl\/de\/wp-json\/wp\/v2\/comments?post=6171"}],"wp:featuredmedia":[{"embeddable":true,"href":"https:\/\/carbolt.nl\/de\/wp-json\/wp\/v2\/media\/6172"}],"wp:attachment":[{"href":"https:\/\/carbolt.nl\/de\/wp-json\/wp\/v2\/media?parent=6171"}],"wp:term":[{"taxonomy":"product_brand","embeddable":true,"href":"https:\/\/carbolt.nl\/de\/wp-json\/wp\/v2\/product_brand?post=6171"},{"taxonomy":"product_cat","embeddable":true,"href":"https:\/\/carbolt.nl\/de\/wp-json\/wp\/v2\/product_cat?post=6171"},{"taxonomy":"product_tag","embeddable":true,"href":"https:\/\/carbolt.nl\/de\/wp-json\/wp\/v2\/product_tag?post=6171"}],"curies":[{"name":"wp","href":"https:\/\/api.w.org\/{rel}","templated":true}]}}